{"id":29469,"date":"2023-09-27T02:48:07","date_gmt":"2023-09-27T02:48:07","guid":{"rendered":"https:\/\/skyproperty.com.tr\/about-us\/otzyvy-klientov\/"},"modified":"2024-07-11T18:40:09","modified_gmt":"2024-07-11T18:40:09","slug":"sustomer-reviews","status":"publish","type":"page","link":"https:\/\/skyproperty.com.tr\/en\/about-us\/sustomer-reviews\/","title":{"rendered":"\u0421ustomer reviews"},"content":{"rendered":"\t\t<div data-elementor-type=\"wp-page\" data-elementor-id=\"29469\" class=\"elementor elementor-29469 elementor-18960\" data-elementor-post-type=\"page\">\n\t\t\t\t\t\t\t\t\t<section class=\"elementor-section elementor-top-section elementor-element elementor-element-7a98a3f elementor-section-full_width elementor-section-height-default elementor-section-height-default\" data-id=\"7a98a3f\" data-element_type=\"section\" data-settings=\"{&quot;background_background&quot;:&quot;gradient&quot;}\">\n\t\t\t\t\t\t<div class=\"elementor-container elementor-column-gap-default\">\n\t\t\t\t\t<div class=\"elementor-column elementor-col-100 elementor-top-column elementor-element elementor-element-6cee6d8\" data-id=\"6cee6d8\" data-element_type=\"column\">\n\t\t\t<div class=\"elementor-widget-wrap elementor-element-populated\">\n\t\t\t\t\t\t\t\t<section class=\"elementor-section elementor-inner-section elementor-element elementor-element-4bdd8cc elementor-section-boxed elementor-section-height-default elementor-section-height-default elementor-invisible\" data-id=\"4bdd8cc\" data-element_type=\"section\" data-settings=\"{&quot;animation&quot;:&quot;fadeIn&quot;}\">\n\t\t\t\t\t\t<div class=\"elementor-container elementor-column-gap-default\">\n\t\t\t\t\t<div class=\"elementor-column elementor-col-100 elementor-inner-column elementor-element elementor-element-e59985d\" data-id=\"e59985d\" data-element_type=\"column\">\n\t\t\t<div class=\"elementor-widget-wrap elementor-element-populated\">\n\t\t\t\t\t\t\t\t<div class=\"elementor-element elementor-element-22fb971 elementor-align-center elementor-icon-list--layout-traditional elementor-list-item-link-full_width elementor-widget elementor-widget-icon-list\" data-id=\"22fb971\" data-element_type=\"widget\" data-widget_type=\"icon-list.default\">\n\t\t\t\t<div class=\"elementor-widget-container\">\n\t\t\t<link rel=\"stylesheet\" href=\"https:\/\/skyproperty.com.tr\/wp-content\/plugins\/elementor\/assets\/css\/widget-icon-list.min.css\">\t\t<ul class=\"elementor-icon-list-items\">\n\t\t\t\t\t\t\t<li class=\"elementor-icon-list-item\">\n\t\t\t\t\t\t\t\t\t\t\t<a href=\"#\">\n\n\t\t\t\t\t\t\t\t\t\t\t<span class=\"elementor-icon-list-text\">\u0421ustomer reviews<\/span>\n\t\t\t\t\t\t\t\t\t\t\t<\/a>\n\t\t\t\t\t\t\t\t\t<\/li>\n\t\t\t\t\t\t<\/ul>\n\t\t\t\t<\/div>\n\t\t\t\t<\/div>\n\t\t\t\t\t<\/div>\n\t\t<\/div>\n\t\t\t\t\t\t\t<\/div>\n\t\t<\/section>\n\t\t\t\t<div class=\"elementor-element elementor-element-42302ea elementor-widget elementor-widget-spacer\" data-id=\"42302ea\" data-element_type=\"widget\" data-widget_type=\"spacer.default\">\n\t\t\t\t<div class=\"elementor-widget-container\">\n\t\t\t<style>\/*! elementor - v3.16.0 - 20-09-2023 *\/\n.elementor-column .elementor-spacer-inner{height:var(--spacer-size)}.e-con{--container-widget-width:100%}.e-con-inner>.elementor-widget-spacer,.e-con>.elementor-widget-spacer{width:var(--container-widget-width,var(--spacer-size));--align-self:var(--container-widget-align-self,initial);--flex-shrink:0}.e-con-inner>.elementor-widget-spacer>.elementor-widget-container,.e-con>.elementor-widget-spacer>.elementor-widget-container{height:100%;width:100%}.e-con-inner>.elementor-widget-spacer>.elementor-widget-container>.elementor-spacer,.e-con>.elementor-widget-spacer>.elementor-widget-container>.elementor-spacer{height:100%}.e-con-inner>.elementor-widget-spacer>.elementor-widget-container>.elementor-spacer>.elementor-spacer-inner,.e-con>.elementor-widget-spacer>.elementor-widget-container>.elementor-spacer>.elementor-spacer-inner{height:var(--container-widget-height,var(--spacer-size))}.e-con-inner>.elementor-widget-spacer.elementor-widget-empty,.e-con>.elementor-widget-spacer.elementor-widget-empty{position:relative;min-height:22px;min-width:22px}.e-con-inner>.elementor-widget-spacer.elementor-widget-empty .elementor-widget-empty-icon,.e-con>.elementor-widget-spacer.elementor-widget-empty .elementor-widget-empty-icon{position:absolute;top:0;bottom:0;left:0;right:0;margin:auto;padding:0;width:22px;height:22px}<\/style>\t\t<div class=\"elementor-spacer\">\n\t\t\t<div class=\"elementor-spacer-inner\"><\/div>\n\t\t<\/div>\n\t\t\t\t<\/div>\n\t\t\t\t<\/div>\n\t\t\t\t<div class=\"elementor-element elementor-element-76b918f elementor-widget elementor-widget-text-editor\" data-id=\"76b918f\" data-element_type=\"widget\" data-widget_type=\"text-editor.default\">\n\t\t\t\t<div class=\"elementor-widget-container\">\n\t\t\t<style>\/*! elementor - v3.16.0 - 20-09-2023 *\/\n.elementor-widget-text-editor.elementor-drop-cap-view-stacked .elementor-drop-cap{background-color:#69727d;color:#fff}.elementor-widget-text-editor.elementor-drop-cap-view-framed .elementor-drop-cap{color:#69727d;border:3px solid;background-color:transparent}.elementor-widget-text-editor:not(.elementor-drop-cap-view-default) .elementor-drop-cap{margin-top:8px}.elementor-widget-text-editor:not(.elementor-drop-cap-view-default) .elementor-drop-cap-letter{width:1em;height:1em}.elementor-widget-text-editor .elementor-drop-cap{float:left;text-align:center;line-height:1;font-size:50px}.elementor-widget-text-editor .elementor-drop-cap-letter{display:inline-block}<\/style>\t\t\t\t<div class=\"ti-widget ti-goog\" data-layout-id=\"4\" data-set-id=\"light-background\" data-pid=\"b5167179c03e50ec942cb\" data-pager-autoplay-timeout=\"6\" data-review-target-width=\"300\" > <div class=\"ti-widget-container ti-col-3\"> <div class=\"ti-reviews-container\"> <div class=\"ti-controls\"> <div class=\"ti-next\"><\/div> <div class=\"ti-prev\"><\/div> <\/div> <div class=\"ti-reviews-container-wrapper\">  <div data-empty=\"0\" class=\"ti-review-item source-Google\" > <div class=\"ti-inner\"> <div class=\"ti-review-header\"> <div class=\"ti-profile-img\"> <img decoding=\"async\" src=\"https:\/\/lh3.googleusercontent.com\/a-\/ALV-UjXk_vvh_9MBP0BgcEjm4PDVtXomxWEF-KrhW814G93E7w0=s120-c-rp-mo-br100\" alt=\"Prince Arsalan\" \/> <\/div> <div class=\"ti-profile-details\"> <div class=\"ti-name\"> Prince Arsalan <\/div> <div class=\"ti-date\">2023-09-01<\/div> <\/div> <\/div> <span class=\"ti-stars\"><span class=\"ti-star f\"><\/span><span class=\"ti-star f\"><\/span><span class=\"ti-star f\"><\/span><span class=\"ti-star f\"><\/span><span class=\"ti-star f\"><\/span><\/span> <div class=\"ti-review-content\"><!-- R-CONTENT -->This is a very reputable office. Anyone who wants to get a suitable house can contact this company. I am really grateful for this company thank you so much<!-- R-CONTENT --><\/div> <span class=\"ti-read-more\" data-container=\".ti-review-content\" data-collapse-text=\"\u0421\u043a\u0440\u044b\u0432\u0430\u0442\u044c\" data-open-text=\"\u041f\u0440\u043e\u0447\u0438\u0442\u0430\u0439\u0442\u0435 \u0431\u043e\u043b\u044c\u0448\u0435\"><\/span> <\/div> <\/div>  <div data-empty=\"0\" class=\"ti-review-item source-Google\" > <div class=\"ti-inner\"> <div class=\"ti-review-header\"> <div class=\"ti-profile-img\"> <img decoding=\"async\" src=\"https:\/\/lh3.googleusercontent.com\/a\/ACg8ocJhTy6A5clBziTFRZU_FomT2cyTizCGrijwxCzbRm8F=s120-c-rp-mo-br100\" alt=\"L\u00fctfi K\u00f6k\" \/> <\/div> <div class=\"ti-profile-details\"> <div class=\"ti-name\"> L\u00fctfi K\u00f6k <\/div> <div class=\"ti-date\">2023-08-26<\/div> <\/div> <\/div> <span class=\"ti-stars\"><span class=\"ti-star f\"><\/span><span class=\"ti-star f\"><\/span><span class=\"ti-star f\"><\/span><span class=\"ti-star f\"><\/span><span class=\"ti-star f\"><\/span><\/span> <div class=\"ti-review-content\"><!-- R-CONTENT -->Sky property tercih etmeniz gereken tek adres iki kez ev ald\u0131m profesyonel rakipleriyle \u00e7ok g\u00fczel ilgi ve alaka ile sizin cebinizi de d\u00fc\u015f\u00fcnerek yard\u0131mc\u0131 oluyorlar&#8230;<!-- R-CONTENT --><\/div> <span class=\"ti-read-more\" data-container=\".ti-review-content\" data-collapse-text=\"\u0421\u043a\u0440\u044b\u0432\u0430\u0442\u044c\" data-open-text=\"\u041f\u0440\u043e\u0447\u0438\u0442\u0430\u0439\u0442\u0435 \u0431\u043e\u043b\u044c\u0448\u0435\"><\/span> <\/div> <\/div>  <div data-empty=\"0\" class=\"ti-review-item source-Google\" > <div class=\"ti-inner\"> <div class=\"ti-review-header\"> <div class=\"ti-profile-img\"> <img decoding=\"async\" src=\"https:\/\/lh3.googleusercontent.com\/a-\/ALV-UjX47eaoszla-rY94vxQSDjNR-PwtGD64IAt-51QZjjJhg=s120-c-rp-mo-br100\" alt=\"Mehmet Ayne\" \/> <\/div> <div class=\"ti-profile-details\"> <div class=\"ti-name\"> Mehmet Ayne <\/div> <div class=\"ti-date\">2023-08-09<\/div> <\/div> <\/div> <span class=\"ti-stars\"><span class=\"ti-star f\"><\/span><span class=\"ti-star f\"><\/span><span class=\"ti-star f\"><\/span><span class=\"ti-star f\"><\/span><span class=\"ti-star f\"><\/span><\/span> <div class=\"ti-review-content\"><!-- R-CONTENT -->\u0130lgi ve alakan\u0131z i\u00e7in te\u015fekk\u00fcr ederim kalitenin vazge\u00e7ilmez adresi sky property herkese tavsiye ederim\ud83d\udc4f\ud83d\udc4f\ud83d\udc4f<!-- R-CONTENT --><\/div> <span class=\"ti-read-more\" data-container=\".ti-review-content\" data-collapse-text=\"\u0421\u043a\u0440\u044b\u0432\u0430\u0442\u044c\" data-open-text=\"\u041f\u0440\u043e\u0447\u0438\u0442\u0430\u0439\u0442\u0435 \u0431\u043e\u043b\u044c\u0448\u0435\"><\/span> <\/div> <\/div>  <div data-empty=\"0\" class=\"ti-review-item source-Google\" > <div class=\"ti-inner\"> <div class=\"ti-review-header\"> <div class=\"ti-profile-img\"> <img decoding=\"async\" src=\"https:\/\/lh3.googleusercontent.com\/a-\/ALV-UjUIF_0vJs8fD7R_BPPCWDnohqg-TdHmZ_fXIVyG4HI4kVc=s120-c-rp-mo-br100\" alt=\"Samet Karako\u00e7\" \/> <\/div> <div class=\"ti-profile-details\"> <div class=\"ti-name\"> Samet Karako\u00e7 <\/div> <div class=\"ti-date\">2023-06-20<\/div> <\/div> <\/div> <span class=\"ti-stars\"><span class=\"ti-star f\"><\/span><span class=\"ti-star f\"><\/span><span class=\"ti-star f\"><\/span><span class=\"ti-star f\"><\/span><span class=\"ti-star f\"><\/span><\/span> <div class=\"ti-review-content\"><!-- R-CONTENT -->Thank you very much for your interest and concern, It was a great experience. Good price it was best one ,I bought two houses , i didint see like this price\u2026.<!-- R-CONTENT --><\/div> <span class=\"ti-read-more\" data-container=\".ti-review-content\" data-collapse-text=\"\u0421\u043a\u0440\u044b\u0432\u0430\u0442\u044c\" data-open-text=\"\u041f\u0440\u043e\u0447\u0438\u0442\u0430\u0439\u0442\u0435 \u0431\u043e\u043b\u044c\u0448\u0435\"><\/span> <\/div> <\/div>  <div data-empty=\"0\" class=\"ti-review-item source-Google\" > <div class=\"ti-inner\"> <div class=\"ti-review-header\"> <div class=\"ti-profile-img\"> <img decoding=\"async\" src=\"https:\/\/lh3.googleusercontent.com\/a-\/ALV-UjXYdAwMyJAHCA21IsrUemxRMu70Hs1icq3mVJ0EOH8TMIs=s120-c-rp-mo-br100\" alt=\"kemal agturk\" \/> <\/div> <div class=\"ti-profile-details\"> <div class=\"ti-name\"> kemal agturk <\/div> <div class=\"ti-date\">2023-05-02<\/div> <\/div> <\/div> <span class=\"ti-stars\"><span class=\"ti-star f\"><\/span><span class=\"ti-star f\"><\/span><span class=\"ti-star f\"><\/span><span class=\"ti-star f\"><\/span><span class=\"ti-star f\"><\/span><\/span> <div class=\"ti-review-content\"><!-- R-CONTENT -->since ancient times this company is a great work extremely safe<!-- R-CONTENT --><\/div> <span class=\"ti-read-more\" data-container=\".ti-review-content\" data-collapse-text=\"\u0421\u043a\u0440\u044b\u0432\u0430\u0442\u044c\" data-open-text=\"\u041f\u0440\u043e\u0447\u0438\u0442\u0430\u0439\u0442\u0435 \u0431\u043e\u043b\u044c\u0448\u0435\"><\/span> <\/div> <\/div>  <div data-empty=\"0\" class=\"ti-review-item source-Google\" > <div class=\"ti-inner\"> <div class=\"ti-review-header\"> <div class=\"ti-profile-img\"> <img decoding=\"async\" src=\"https:\/\/lh3.googleusercontent.com\/a\/ACg8ocJPSmA1HG80shb6x85xkwMBxE-I6gs8w_0_ZSUDjUBc=s120-c-rp-mo-br100\" alt=\"Ali A\u011ft\u00fcrk\" \/> <\/div> <div class=\"ti-profile-details\"> <div class=\"ti-name\"> Ali A\u011ft\u00fcrk <\/div> <div class=\"ti-date\">2023-05-02<\/div> <\/div> <\/div> <span class=\"ti-stars\"><span class=\"ti-star f\"><\/span><span class=\"ti-star f\"><\/span><span class=\"ti-star f\"><\/span><span class=\"ti-star f\"><\/span><span class=\"ti-star f\"><\/span><\/span> <div class=\"ti-review-content\"><!-- R-CONTENT -->Sky property i\u015finde profesyonel ve ilgili bir ekip. Nuri arkada\u015f\u0131m ona te\u015fekk\u00fcr ederim, \u00e7ocukluk arkada\u015f\u0131m komisyonsuz ev satt\u0131\u011f\u0131 i\u00e7in te\u015fekk\u00fcr ederim \ud83d\ude0a i\u015flerinde iyiler kesinlikle tavsiye ederim<!-- R-CONTENT --><\/div> <span class=\"ti-read-more\" data-container=\".ti-review-content\" data-collapse-text=\"\u0421\u043a\u0440\u044b\u0432\u0430\u0442\u044c\" data-open-text=\"\u041f\u0440\u043e\u0447\u0438\u0442\u0430\u0439\u0442\u0435 \u0431\u043e\u043b\u044c\u0448\u0435\"><\/span> <\/div> <\/div>  <div data-empty=\"0\" class=\"ti-review-item source-Google\" > <div class=\"ti-inner\"> <div class=\"ti-review-header\"> <div class=\"ti-profile-img\"> <img decoding=\"async\" src=\"https:\/\/lh3.googleusercontent.com\/a\/ACg8ocKzztMEswzzjCzxOUP1jSDtJ539uLvajN8Em22zrE3e=s120-c-rp-mo-br100\" alt=\"Sercan Kaplan\" \/> <\/div> <div class=\"ti-profile-details\"> <div class=\"ti-name\"> Sercan Kaplan <\/div> <div class=\"ti-date\">2023-04-13<\/div> <\/div> <\/div> <span class=\"ti-stars\"><span class=\"ti-star f\"><\/span><span class=\"ti-star f\"><\/span><span class=\"ti-star f\"><\/span><span class=\"ti-star f\"><\/span><span class=\"ti-star f\"><\/span><\/span> <div class=\"ti-review-content\"><!-- R-CONTENT -->Ich bedanke mich bei Sky Property f\u00fcr die tolle Beratung in Alanya Mahmutlar. Unser neuer Eigenheim sieht wundersch\u00f6n aus mit einer tollen Aussicht Richtung Meer.\n\nKann die sehr weiterempfehlen \ud83d\udc4d\ud83c\udffd\ud83d\udc4d\ud83c\udffd<!-- R-CONTENT --><\/div> <span class=\"ti-read-more\" data-container=\".ti-review-content\" data-collapse-text=\"\u0421\u043a\u0440\u044b\u0432\u0430\u0442\u044c\" data-open-text=\"\u041f\u0440\u043e\u0447\u0438\u0442\u0430\u0439\u0442\u0435 \u0431\u043e\u043b\u044c\u0448\u0435\"><\/span> <\/div> <\/div>  <div data-empty=\"0\" class=\"ti-review-item source-Google\" > <div class=\"ti-inner\"> <div class=\"ti-review-header\"> <div class=\"ti-profile-img\"> <img decoding=\"async\" src=\"https:\/\/lh3.googleusercontent.com\/a\/ACg8ocKSdp554ZwfE1RZOgU68JREOMjT5eBQszW857HmyOE9=s120-c-rp-mo-br100\" alt=\"Fatma Kaplan\" \/> <\/div> <div class=\"ti-profile-details\"> <div class=\"ti-name\"> Fatma Kaplan <\/div> <div class=\"ti-date\">2023-04-13<\/div> <\/div> <\/div> <span class=\"ti-stars\"><span class=\"ti-star f\"><\/span><span class=\"ti-star f\"><\/span><span class=\"ti-star f\"><\/span><span class=\"ti-star f\"><\/span><span class=\"ti-star f\"><\/span><\/span> <div class=\"ti-review-content\"><!-- R-CONTENT -->\ud83e\udd70\ud83e\udd70<!-- R-CONTENT --><\/div> <span class=\"ti-read-more\" data-container=\".ti-review-content\" data-collapse-text=\"\u0421\u043a\u0440\u044b\u0432\u0430\u0442\u044c\" data-open-text=\"\u041f\u0440\u043e\u0447\u0438\u0442\u0430\u0439\u0442\u0435 \u0431\u043e\u043b\u044c\u0448\u0435\"><\/span> <\/div> <\/div>  <\/div> <div class=\"ti-controls-line\"> <div class=\"dot\"><\/div> <\/div> <\/div> <div class=\"ti-footer\"> <div class=\"ti-rating-text\"> <span class=\"nowrap\">\u041e\u0431\u0449\u0438\u0439 \u0440\u0435\u0439\u0442\u0438\u043d\u0433 \u0432 <strong>Google<\/strong> <\/span><span class=\"nowrap\"><strong>5<\/strong> \u0438\u0437 5,<\/span><span class=\"nowrap\">\u043d\u0430 \u043e\u0441\u043d\u043e\u0432\u0430\u043d\u0438\u0438 <strong>41 \u043e\u0446\u0435\u043d\u043e\u043a<\/strong><\/span> <\/div> <\/div>  <\/div> <\/div>\t\t\t\t\t\t<\/div>\n\t\t\t\t<\/div>\n\t\t\t\t<div class=\"elementor-element elementor-element-370849b elementor-widget elementor-widget-spacer\" data-id=\"370849b\" data-element_type=\"widget\" data-widget_type=\"spacer.default\">\n\t\t\t\t<div class=\"elementor-widget-container\">\n\t\t\t\t\t<div class=\"elementor-spacer\">\n\t\t\t<div class=\"elementor-spacer-inner\"><\/div>\n\t\t<\/div>\n\t\t\t\t<\/div>\n\t\t\t\t<\/div>\n\t\t\t\t\t<\/div>\n\t\t<\/div>\n\t\t\t\t\t\t\t<\/div>\n\t\t<\/section>\n\t\t\t\t\t\t\t<\/div>\n\t\t","protected":false},"excerpt":{"rendered":"<p>\u0421ustomer reviews<\/p>\n","protected":false},"author":1,"featured_media":0,"parent":29462,"menu_order":0,"comment_status":"closed","ping_status":"closed","template":"template\/template-agents.php","meta":{"footnotes":""},"class_list":["post-29469","page","type-page","status-publish","hentry"],"_links":{"self":[{"href":"https:\/\/skyproperty.com.tr\/en\/wp-json\/wp\/v2\/pages\/29469","targetHints":{"allow":["GET"]}}],"collection":[{"href":"https:\/\/skyproperty.com.tr\/en\/wp-json\/wp\/v2\/pages"}],"about":[{"href":"https:\/\/skyproperty.com.tr\/en\/wp-json\/wp\/v2\/types\/page"}],"author":[{"embeddable":true,"href":"https:\/\/skyproperty.com.tr\/en\/wp-json\/wp\/v2\/users\/1"}],"replies":[{"embeddable":true,"href":"https:\/\/skyproperty.com.tr\/en\/wp-json\/wp\/v2\/comments?post=29469"}],"version-history":[{"count":4,"href":"https:\/\/skyproperty.com.tr\/en\/wp-json\/wp\/v2\/pages\/29469\/revisions"}],"predecessor-version":[{"id":29473,"href":"https:\/\/skyproperty.com.tr\/en\/wp-json\/wp\/v2\/pages\/29469\/revisions\/29473"}],"up":[{"embeddable":true,"href":"https:\/\/skyproperty.com.tr\/en\/wp-json\/wp\/v2\/pages\/29462"}],"wp:attachment":[{"href":"https:\/\/skyproperty.com.tr\/en\/wp-json\/wp\/v2\/media?parent=29469"}],"curies":[{"name":"wp","href":"https:\/\/api.w.org\/{rel}","templated":true}]}}